{"id":681,"date":"2024-06-06T15:16:55","date_gmt":"2024-06-06T12:16:55","guid":{"rendered":"https:\/\/aeroglobe.aero\/contact\/"},"modified":"2025-02-03T17:31:07","modified_gmt":"2025-02-03T14:31:07","slug":"iletisim","status":"publish","type":"page","link":"https:\/\/aeroglobe.aero\/tr\/iletisim\/","title":{"rendered":"\u0130LET\u0130\u015e\u0130M"},"content":{"rendered":"<section class=\"l-section wpb_row height_custom color_primary with_img with_overlay with_shape\"><div class=\"l-section-img\" style=\"background-image: url(https:\/\/aeroglobe.aero\/wp-content\/uploads\/2024\/06\/AeroContact.jpg);background-repeat: no-repeat;\" data-img-width=\"1142\" data-img-height=\"721\"><\/div><div class=\"l-section-overlay\" style=\"background: rgba(7,48,89,0.75)\"><\/div><div class=\"l-section-shape type_triangle pos_bottom\" style=\"color:#ffffff;height:10vh;\"><svg xmlns=\"http:\/\/www.w3.org\/2000\/svg\" viewBox=\"0 0 64 8\" preserveAspectRatio=\"none\" width=\"100%\" height=\"100%\">\r\n\t<path fill=\"currentColor\" d=\"M64 8 L0 8 L0 0 L32 7.9 L64 0 Z\"\/>\r\n<\/svg><\/div><div class=\"l-section-h i-cf\"><div class=\"g-cols vc_row type_default valign_top\"><div class=\"vc_col-sm-12 wpb_column vc_column_container\"><div class=\"vc_column-inner\"><div class=\"wpb_wrapper\"><div class=\"w-separator size_medium\"><\/div><div class=\"ult-animation  ult-animate-viewport  ult-no-mobile \" data-animate=\"zoomIn\" data-animation-delay=\"0\" data-animation-duration=\"6\" data-animation-iteration=\"1\" style=\"opacity:0;\" data-opacity_start_effect=\"\"><div class=\"wpb_text_column\" ><div class=\"wpb_wrapper\"><h3 style=\"text-align: center;\">Bizimle ileti\u015fime ge\u00e7in<\/h3>\n<\/div><\/div><\/div><div class=\"ult-animation  ult-animate-viewport  ult-no-mobile \" data-animate=\"zoomIn\" data-animation-delay=\"0\" data-animation-duration=\"6\" data-animation-iteration=\"3\" style=\"opacity:0;\" data-opacity_start_effect=\"\"><div class=\"w-separator size_custom\" style=\"height:2.5vh\"><\/div><div class=\"w-image align_center\"><div class=\"w-image-h\"><img decoding=\"async\" src=\"https:\/\/aeroglobe.aero\/wp-content\/uploads\/2024\/05\/Plane-R-to-L.svg\" class=\"attachment-full size-full\" alt=\"\" \/><\/div><\/div><\/div><div class=\"ult-animation  ult-animate-viewport  ult-no-mobile \" data-animate=\"zoomIn\" data-animation-delay=\"0\" data-animation-duration=\"6\" data-animation-iteration=\"1\" style=\"opacity:0;\" data-opacity_start_effect=\"\"><div class=\"w-separator size_custom\" style=\"height:1.5vh\"><\/div><div class=\"wpb_text_column\" ><div class=\"wpb_wrapper\"><h6 style=\"text-align: center;\">T\u00fcm sorular\u0131n\u0131z uzmanlar\u0131m\u0131z taraf\u0131ndan cevaplanacakt\u0131r.<\/h6>\n<\/div><\/div><\/div><div class=\"w-separator size_large\"><\/div><div class=\"w-iconbox iconpos_top style_default color_custom align_center no_title no_text\"><a href=\"https:\/\/aeroglobe.aero\/tr\/iletisim\/#1\" class=\"w-iconbox-link\" aria-label=\"far|chevron-down\"><div class=\"w-iconbox-icon\"><i class=\"far fa-chevron-down\"><\/i><\/div><\/a><div class=\"w-iconbox-meta\"><\/div><\/div><div class=\"w-separator size_large\"><\/div><\/div><\/div><\/div><\/div><\/div><\/section><section class=\"l-section wpb_row height_custom\" id=\"1\"><div class=\"l-section-h i-cf\"><div class=\"g-cols vc_row type_default valign_top gap-10px\"><style>.g-cols.gap-10px{margin:0 calc(-1.5rem - 10px)}.gap-10px > .vc_column_container {padding:10px}<\/style><div class=\"vc_col-sm-6 wpb_column vc_column_container\"><div class=\"vc_column-inner\"><div class=\"wpb_wrapper\"><div class=\"w-iconbox iconpos_left style_circle color_custom align_left no_text\"><a href=\"mailto: occ@aeroglobe.aero\" class=\"w-iconbox-link\" aria-label=\"occ@aeroglobe.aero\"><div class=\"w-iconbox-icon\" style=\"font-size:18px;box-shadow:0 0 0 2px #b09366 inset;background:#b09366;color:#ffffff;\"><i class=\"far fa-envelope\"><\/i><\/div><\/a><div class=\"w-iconbox-meta\"><a href=\"mailto: occ@aeroglobe.aero\" class=\"w-iconbox-link\" aria-label=\"occ@aeroglobe.aero\"><p class=\"w-iconbox-title\">occ@aeroglobe.aero<\/p><\/a><\/div><\/div><div class=\"w-separator size_small\"><\/div><div class=\"w-iconbox iconpos_left style_circle color_custom align_left no_text\"><a href=\"tel:+902125502376\" class=\"w-iconbox-link\" aria-label=\"+90 212 550 23 76\"><div class=\"w-iconbox-icon\" style=\"font-size:18px;box-shadow:0 0 0 2px #b09366 inset;background:#b09366;color:#ffffff;\"><i class=\"far fa-phone\"><\/i><\/div><\/a><div class=\"w-iconbox-meta\"><a href=\"tel:+902125502376\" class=\"w-iconbox-link\" aria-label=\"+90 212 550 23 76\"><p class=\"w-iconbox-title\">+90 212 550 23 76<\/p><\/a><\/div><\/div><div class=\"w-separator size_small\"><\/div><div class=\"w-iconbox iconpos_left style_circle color_custom align_left no_text\"><div class=\"w-iconbox-icon\" style=\"font-size:18px;box-shadow:0 0 0 2px #b09366 inset;background:#b09366;color:#ffffff;\"><i class=\"far fa-map-marker-alt\"><\/i><\/div><div class=\"w-iconbox-meta\"><p class=\"w-iconbox-title\">Tayakad\u0131n Mah. Terminal Cad. Havaliman\u0131 Terminal Binas\u0131<br \/>\nNo:1 \u0130\u00e7 Kap\u0131 No: 820642 Arnavutk\u00f6y \/ ISTANBUL<\/p><\/div><\/div><div class=\"w-separator size_small\"><\/div><div class=\"w-iconbox iconpos_left style_circle color_custom align_left no_text\"><a title=\"Follow on Linkedin\" href=\"https:\/\/www.linkedin.com\/company\/aeroglobe-aviation-services\/about\/\" class=\"w-iconbox-link\" aria-label=\"Aeroglobe Linkedin&#8217;de\"><div class=\"w-iconbox-icon\" style=\"font-size:18px;box-shadow:0 0 0 2px #b09366 inset;background:#b09366;color:#ffffff;\"><i class=\"fab fa-linkedin\"><\/i><\/div><\/a><div class=\"w-iconbox-meta\"><a title=\"Follow on Linkedin\" href=\"https:\/\/www.linkedin.com\/company\/aeroglobe-aviation-services\/about\/\" class=\"w-iconbox-link\" aria-label=\"Aeroglobe Linkedin&#8217;de\"><p class=\"w-iconbox-title\">Aeroglobe Linkedin&#8217;de<\/p><\/a><\/div><\/div><div class=\"w-separator size_small\"><\/div><div class=\"ult-animation  ult-animate-viewport  ult-no-mobile \" data-animate=\"pulse\" data-animation-delay=\"0\" data-animation-duration=\"3\" data-animation-iteration=\"1\" style=\"opacity:0;\" data-opacity_start_effect=\"\"><div class=\"w-iconbox iconpos_left style_circle color_custom align_left no_text\"><a title=\"Whatsapp\" target=\"_blank\" href=\"https:\/\/api.whatsapp.com\/send\/?phone=905323160516&amp;text&amp;type=phone_number&amp;app_absent=0\" rel=\"noopener\" class=\"w-iconbox-link\" aria-label=\"Canl\u0131 Destek\"><div class=\"w-iconbox-icon\" style=\"font-size:18px;box-shadow:0 0 0 2px #b09366 inset;background:#b09366;color:#ffffff;\"><i class=\"fab fa-whatsapp\"><\/i><\/div><\/a><div class=\"w-iconbox-meta\"><a title=\"Whatsapp\" target=\"_blank\" href=\"https:\/\/api.whatsapp.com\/send\/?phone=905323160516&amp;text&amp;type=phone_number&amp;app_absent=0\" rel=\"noopener\" class=\"w-iconbox-link\" aria-label=\"Canl\u0131 Destek\"><p class=\"w-iconbox-title\">Canl\u0131 Destek<\/p><\/a><\/div><\/div><\/div><div class=\"w-separator size_large\"><\/div><div class=\"wpb_text_column\" ><div class=\"wpb_wrapper\"><p><iframe loading=\"lazy\" style=\"border: 0;\" src=\"https:\/\/www.google.com\/maps\/embed?pb=!1m18!1m12!1m3!1d47986.95933635478!2d28.742835793033!3d41.26130858900846!2m3!1f0!2f0!3f0!3m2!1i1024!2i768!4f13.1!3m3!1m2!1s0x409ffff60abc95a9%3A0x380ce02cc824e506!2zxLBzdGFuYnVsIEhhdmFsaW1hbsSx!5e0!3m2!1str!2str!4v1717679076012!5m2!1str!2str\" width=\"600\" height=\"375\" allowfullscreen=\"allowfullscreen\"><\/iframe><\/p>\n<\/div><\/div><\/div><\/div><\/div><div class=\"vc_col-sm-6 wpb_column vc_column_container\"><div class=\"vc_column-inner\"><div class=\"wpb_wrapper\"><div class=\"wpb_text_column\" ><div class=\"wpb_wrapper\"><h5><span style=\"color: #b09366;\"><strong>Bize Yaz\u0131n<\/strong><\/span><\/h5>\n<p><span style=\"color: #b09366;\">T\u00fcm istek, g\u00f6r\u00fc\u015f, \u00f6neri ve \u015fikayetlerinizi bizimle payla\u015f\u0131n.<\/p>\n<\/div><\/div><div class=\"w-separator size_small\"><\/div><div class=\"w-form  layout_ver for_cform us_form_1\">\r\n\t<form class=\"w-form-h\" autocomplete=\"off\" action=\"https:\/\/aeroglobe.aero\/tr\/wp-json\/wp\/v2\/pages\/681\" method=\"post\">\r\n\t\t<div class=\"w-form-row for_text required with_icon\">\r\n\t\t<div class=\"w-form-row-field\">\r\n\t\t\t\t<i class=\"far fa-user\"><\/i>\t\t<input aria-label=\"\u0130sim \/ Soyad\" type=\"text\" name=\"us_form_1_text_1\" value placeholder=\"\u0130sim \/ Soyad *\" data-required=\"true\" aria-required=\"true\"\/>\r\n\t\t\t<\/div>\r\n\t\t<div class=\"w-form-row-state\">Fill out this field<\/div>\r\n<\/div>\r\n<div class=\"w-form-row for_text required with_icon\">\r\n\t\t<div class=\"w-form-row-field\">\r\n\t\t\t\t<i class=\"far fa-envelope\"><\/i>\t\t<input aria-label=\"E-Postan\u0131z\" type=\"text\" name=\"us_form_1_text_2\" value placeholder=\"E-Postan\u0131z *\" data-required=\"true\" aria-required=\"true\"\/>\r\n\t\t\t<\/div>\r\n\t\t<div class=\"w-form-row-state\">Fill out this field<\/div>\r\n<\/div>\r\n<div class=\"w-form-row for_text with_icon\">\r\n\t\t<div class=\"w-form-row-field\">\r\n\t\t\t\t<i class=\"far fa-phone\"><\/i>\t\t<input aria-label=\"Telefon Numaran\u0131z\" type=\"text\" name=\"us_form_1_text_3\" value placeholder=\"Telefon Numaran\u0131z\"\/>\r\n\t\t\t<\/div>\r\n\t\t<div class=\"w-form-row-state\">Fill out this field<\/div>\r\n<\/div>\r\n<div class=\"w-form-row for_textarea with_icon\">\r\n\t\t<div class=\"w-form-row-field\">\r\n\t\t\t\t<i class=\"far fa-pencil\"><\/i>\t\t<textarea aria-label=\"Mesaj\u0131n\u0131z\" name=\"us_form_1_textarea_1\" placeholder=\"Mesaj\u0131n\u0131z\"><\/textarea>\r\n\t\t\t<\/div>\r\n\t\t<div class=\"w-form-row-state\">Fill out this field<\/div>\r\n<\/div>\r\n<input type=\"hidden\" name=\"action\" value=\"us_ajax_cform\" \/><input type=\"hidden\" name=\"post_id\" value \/><input type=\"hidden\" name=\"form_index\" value=\"1\" \/><div class=\"w-form-row for_submit align_left\">\r\n\t<div class=\"w-form-row-field\">\r\n\t\t\t\t<button class=\"w-btn  us-btn-style_1\" aria-label=\"G\u00f6nder\" type=\"submit\">\r\n\t\t\t<span class=\"g-preloader type_1\"><\/span>\r\n\t\t\t\t\t\t<span class=\"w-btn-label\">G\u00f6nder<\/span>\r\n\t\t\t\t\t<\/button>\r\n\t<\/div>\r\n<\/div>\t<\/form>\r\n\t<div class=\"w-form-message\"><\/div>\r\n\t<div class=\"w-form-json hidden\" onclick='return {&quot;ajaxurl&quot;:&quot;https:\\\/\\\/aeroglobe.aero\\\/wp-admin\\\/admin-ajax.php&quot;}'><\/div>\r\n<\/div><\/div><\/div><\/div><\/div><\/div><\/section><section class=\"l-section wpb_row height_custom\"><div class=\"l-section-h i-cf\"><div class=\"g-cols vc_row type_default valign_top\"><div class=\"vc_col-sm-12 wpb_column vc_column_container\"><div class=\"vc_column-inner\"><div class=\"wpb_wrapper\"><div class=\"wpb_text_column\" ><div class=\"wpb_wrapper\"><p><\/span><\/p>\n<\/div><\/div><\/div><\/div><\/div><\/div><\/div><\/section>\n","protected":false},"excerpt":{"rendered":"Bizimle ileti\u015fime ge\u00e7in T\u00fcm sorular\u0131n\u0131z uzmanlar\u0131m\u0131z taraf\u0131ndan cevaplanacakt\u0131r. occ@aeroglobe.aero+90 212 550 23 76Tayakad\u0131n Mah. Terminal Cad. Havaliman\u0131 Terminal Binas\u0131 No:1 \u0130\u00e7 Kap\u0131 No: 820642 Arnavutk\u00f6y \/ ISTANBULAeroglobe Linkedin&#8217;deCanl\u0131 Destek Bize Yaz\u0131n T\u00fcm istek, g\u00f6r\u00fc\u015f, \u00f6neri ve \u015fikayetlerinizi bizimle payla\u015f\u0131n. Fill out this field Fill out this field Fill out this field Fill out this field...","protected":false},"author":1,"featured_media":0,"parent":0,"menu_order":0,"comment_status":"closed","ping_status":"closed","template":"","meta":{"footnotes":""},"class_list":["post-681","page","type-page","status-publish","hentry"],"_links":{"self":[{"href":"https:\/\/aeroglobe.aero\/tr\/wp-json\/wp\/v2\/pages\/681","targetHints":{"allow":["GET"]}}],"collection":[{"href":"https:\/\/aeroglobe.aero\/tr\/wp-json\/wp\/v2\/pages"}],"about":[{"href":"https:\/\/aeroglobe.aero\/tr\/wp-json\/wp\/v2\/types\/page"}],"author":[{"embeddable":true,"href":"https:\/\/aeroglobe.aero\/tr\/wp-json\/wp\/v2\/users\/1"}],"replies":[{"embeddable":true,"href":"https:\/\/aeroglobe.aero\/tr\/wp-json\/wp\/v2\/comments?post=681"}],"version-history":[{"count":11,"href":"https:\/\/aeroglobe.aero\/tr\/wp-json\/wp\/v2\/pages\/681\/revisions"}],"predecessor-version":[{"id":727,"href":"https:\/\/aeroglobe.aero\/tr\/wp-json\/wp\/v2\/pages\/681\/revisions\/727"}],"wp:attachment":[{"href":"https:\/\/aeroglobe.aero\/tr\/wp-json\/wp\/v2\/media?parent=681"}],"curies":[{"name":"wp","href":"https:\/\/api.w.org\/{rel}","templated":true}]}}